{"id":47,"date":"2019-09-05T09:43:59","date_gmt":"2019-09-05T09:43:59","guid":{"rendered":"https:\/\/solmagnus.be\/chambres\/?page_id=47"},"modified":"2026-04-14T15:31:19","modified_gmt":"2026-04-14T15:31:19","slug":"accueil","status":"publish","type":"page","link":"https:\/\/solmagnus.be\/chambres\/","title":{"rendered":"Solmagnus"},"content":{"rendered":"\t\t<div data-elementor-type=\"wp-post\" data-elementor-id=\"47\" class=\"elementor elementor-47\">\n\t\t\t\t\t\t<section class=\"elementor-section elementor-top-section elementor-element elementor-element-1715b42 elementor-section-boxed elementor-section-height-default elementor-section-height-default\" data-id=\"1715b42\" data-element_type=\"section\">\n\t\t\t\t\t\t<div class=\"elementor-container elementor-column-gap-default\">\n\t\t\t\t\t<div class=\"elementor-column elementor-col-100 elementor-top-column elementor-element elementor-element-2dd9474\" data-id=\"2dd9474\" data-element_type=\"column\">\n\t\t\t<div class=\"elementor-widget-wrap elementor-element-populated\">\n\t\t\t\t\t\t<div class=\"elementor-element elementor-element-0a1c6ef elementor-widget elementor-widget-heading\" data-id=\"0a1c6ef\" data-element_type=\"widget\" data-widget_type=\"heading.default\">\n\t\t\t\t<div class=\"elementor-widget-container\">\n\t\t\t<h2 class=\"elementor-heading-title elementor-size-medium\">Bienvenue<\/h2>\t\t<\/div>\n\t\t\t\t<\/div>\n\t\t\t\t<div class=\"elementor-element elementor-element-ec28364 elementor-widget elementor-widget-text-editor\" data-id=\"ec28364\" data-element_type=\"widget\" data-widget_type=\"text-editor.default\">\n\t\t\t\t<div class=\"elementor-widget-container\">\n\t\t\t\t\t\t\t<h6 style=\"text-align: center;\">C&rsquo;est avec une grande joie que nous vous avons accueilli chez nous dans la chambre d&rsquo;H\u00f4tes \u00e0 \u00ab\u00a0Sol Magnus\u00a0\u00bb.<\/h6><h6 style=\"text-align: center;\"><img fetchpriority=\"high\" decoding=\"async\" src=\"https:\/\/solmagnus.be\/chambres\/wp-content\/uploads\/2020\/07\/BB-Solmagnus-Ext-6166-\u00a9-BB-Solmagnus-300x200.jpg\" alt=\"\" class=\"alignnone size-medium wp-image-267\" width=\"300\" height=\"200\" srcset=\"https:\/\/solmagnus.be\/chambres\/wp-content\/uploads\/2020\/07\/BB-Solmagnus-Ext-6166-\u00a9-BB-Solmagnus-300x200.jpg 300w, https:\/\/solmagnus.be\/chambres\/wp-content\/uploads\/2020\/07\/BB-Solmagnus-Ext-6166-\u00a9-BB-Solmagnus-1024x683.jpg 1024w, https:\/\/solmagnus.be\/chambres\/wp-content\/uploads\/2020\/07\/BB-Solmagnus-Ext-6166-\u00a9-BB-Solmagnus-768x512.jpg 768w, https:\/\/solmagnus.be\/chambres\/wp-content\/uploads\/2020\/07\/BB-Solmagnus-Ext-6166-\u00a9-BB-Solmagnus-1536x1024.jpg 1536w, https:\/\/solmagnus.be\/chambres\/wp-content\/uploads\/2020\/07\/BB-Solmagnus-Ext-6166-\u00a9-BB-Solmagnus-360x240.jpg 360w, https:\/\/solmagnus.be\/chambres\/wp-content\/uploads\/2020\/07\/BB-Solmagnus-Ext-6166-\u00a9-BB-Solmagnus.jpg 1881w\" sizes=\"(max-width: 300px) 100vw, 300px\" \/><\/h6><p><\/p>\t\t\t\t\t\t<\/div>\n\t\t\t\t<\/div>\n\t\t\t\t\t<\/div>\n\t\t<\/div>\n\t\t\t\t\t<\/div>\n\t\t<\/section>\n\t\t\t\t<section class=\"elementor-section elementor-top-section elementor-element elementor-element-7e3c7b7 elementor-section-boxed elementor-section-height-default elementor-section-height-default\" data-id=\"7e3c7b7\" data-element_type=\"section\">\n\t\t\t\t\t\t<div class=\"elementor-container elementor-column-gap-default\">\n\t\t\t\t\t<div class=\"elementor-column elementor-col-100 elementor-top-column elementor-element elementor-element-d4a00a6\" data-id=\"d4a00a6\" data-element_type=\"column\">\n\t\t\t<div class=\"elementor-widget-wrap elementor-element-populated\">\n\t\t\t\t\t\t<div class=\"elementor-element elementor-element-24a8a16 elementor-widget elementor-widget-heading\" data-id=\"24a8a16\" data-element_type=\"widget\" data-widget_type=\"heading.default\">\n\t\t\t\t<div class=\"elementor-widget-container\">\n\t\t\t<h2 class=\"elementor-heading-title elementor-size-medium\">La suite de deux chambres situ\u00e9e au premier \u00e9tage.<\/h2>\t\t<\/div>\n\t\t\t\t<\/div>\n\t\t\t\t\t<\/div>\n\t\t<\/div>\n\t\t\t\t\t<\/div>\n\t\t<\/section>\n\t\t\t\t<section class=\"elementor-section elementor-top-section elementor-element elementor-element-d917c28 elementor-section-boxed elementor-section-height-default elementor-section-height-default\" data-id=\"d917c28\" data-element_type=\"section\">\n\t\t\t\t\t\t<div class=\"elementor-container elementor-column-gap-default\">\n\t\t\t\t\t<div class=\"elementor-column elementor-col-50 elementor-top-column elementor-element elementor-element-5db8543\" data-id=\"5db8543\" data-element_type=\"column\">\n\t\t\t<div class=\"elementor-widget-wrap elementor-element-populated\">\n\t\t\t\t\t\t<div class=\"elementor-element elementor-element-85fd9cf elementor-widget elementor-widget-text-editor\" data-id=\"85fd9cf\" data-element_type=\"widget\" data-widget_type=\"text-editor.default\">\n\t\t\t\t<div class=\"elementor-widget-container\">\n\t\t\t\t\t\t\t<div style=\"text-align: left;\"><p><strong><span style=\"text-decoration: underline;\">La chambre Sol :<\/span><\/strong><\/p><p><img decoding=\"async\" src=\"https:\/\/solmagnus.be\/chambres\/wp-content\/uploads\/2020\/07\/2013-05-11Solmagnus_Chambres_2754-300x200.jpg\" alt=\"\" class=\" wp-image-250 aligncenter\" width=\"365\" height=\"243\" srcset=\"https:\/\/solmagnus.be\/chambres\/wp-content\/uploads\/2020\/07\/2013-05-11Solmagnus_Chambres_2754-300x200.jpg 300w, https:\/\/solmagnus.be\/chambres\/wp-content\/uploads\/2020\/07\/2013-05-11Solmagnus_Chambres_2754-1024x683.jpg 1024w, https:\/\/solmagnus.be\/chambres\/wp-content\/uploads\/2020\/07\/2013-05-11Solmagnus_Chambres_2754-768x512.jpg 768w, https:\/\/solmagnus.be\/chambres\/wp-content\/uploads\/2020\/07\/2013-05-11Solmagnus_Chambres_2754-1536x1024.jpg 1536w, https:\/\/solmagnus.be\/chambres\/wp-content\/uploads\/2020\/07\/2013-05-11Solmagnus_Chambres_2754-2048x1365.jpg 2048w, https:\/\/solmagnus.be\/chambres\/wp-content\/uploads\/2020\/07\/2013-05-11Solmagnus_Chambres_2754-360x240.jpg 360w\" sizes=\"(max-width: 365px) 100vw, 365px\" \/><\/p><\/div><div class=\"presentation\" style=\"text-align: left;\"><div class=\"sol\" style=\"text-align: center;\"><span style=\"color: #000000;\">Un grand lit de deux personnes situ\u00e9 c\u00f4t\u00e9 soleil.<\/span><br \/><span style=\"color: #000000;\">Elle dispose d&rsquo;une belle vue sur le village de Somagne.<\/span><\/div><\/div>\t\t\t\t\t\t<\/div>\n\t\t\t\t<\/div>\n\t\t\t\t\t<\/div>\n\t\t<\/div>\n\t\t\t\t<div class=\"elementor-column elementor-col-50 elementor-top-column elementor-element elementor-element-3da67ff\" data-id=\"3da67ff\" data-element_type=\"column\">\n\t\t\t<div class=\"elementor-widget-wrap elementor-element-populated\">\n\t\t\t\t\t\t<div class=\"elementor-element elementor-element-72a40b4 elementor-widget elementor-widget-text-editor\" data-id=\"72a40b4\" data-element_type=\"widget\" data-widget_type=\"text-editor.default\">\n\t\t\t\t<div class=\"elementor-widget-container\">\n\t\t\t\t\t\t\t<div style=\"text-align: left;\"><p><strong><span style=\"text-decoration: underline;\">La chambre Magnus :<\/span><\/strong><\/p><\/div><div class=\"sol\"><img decoding=\"async\" src=\"https:\/\/solmagnus.be\/chambres\/wp-content\/uploads\/2019\/09\/Solmagnus_Chambres_2723-a-300x200.jpg\" alt=\"\" class=\" wp-image-57 aligncenter\" width=\"369\" height=\"246\" srcset=\"https:\/\/solmagnus.be\/chambres\/wp-content\/uploads\/2019\/09\/Solmagnus_Chambres_2723-a-300x200.jpg 300w, https:\/\/solmagnus.be\/chambres\/wp-content\/uploads\/2019\/09\/Solmagnus_Chambres_2723-a-768x512.jpg 768w, https:\/\/solmagnus.be\/chambres\/wp-content\/uploads\/2019\/09\/Solmagnus_Chambres_2723-a-1024x683.jpg 1024w, https:\/\/solmagnus.be\/chambres\/wp-content\/uploads\/2019\/09\/Solmagnus_Chambres_2723-a-360x240.jpg 360w\" sizes=\"(max-width: 369px) 100vw, 369px\" \/><\/div><div class=\"presentation\" style=\"text-align: left;\"><div class=\"magnus\" style=\"text-align: center;\"><\/div><div class=\"magnus\" style=\"text-align: center;\"><\/div><div class=\"magnus\" style=\"text-align: center;\"><\/div><div class=\"magnus\" style=\"text-align: center;\"><\/div><div class=\"magnus\" style=\"text-align: center;\"><\/div><div class=\"magnus\" style=\"text-align: center;\"><\/div><div class=\"magnus\" style=\"text-align: center;\"><\/div><div class=\"magnus\" style=\"text-align: center;\"><\/div><div class=\"magnus\" style=\"text-align: center;\"><\/div><div class=\"magnus\" style=\"text-align: center;\"><\/div><div class=\"magnus\" style=\"text-align: center;\">Chambre avec lits jumeaux situ\u00e9e c\u00f4t\u00e9 lev\u00e9 du soleil.<br \/>Sa fen\u00eatre s&rsquo;ouvre sur la ville de Stavelot.<\/div><\/div><div class=\"footer\"><\/div>\t\t\t\t\t\t<\/div>\n\t\t\t\t<\/div>\n\t\t\t\t\t<\/div>\n\t\t<\/div>\n\t\t\t\t\t<\/div>\n\t\t<\/section>\n\t\t\t\t<section class=\"elementor-section elementor-top-section elementor-element elementor-element-e852654 elementor-section-boxed elementor-section-height-default elementor-section-height-default\" data-id=\"e852654\" data-element_type=\"section\">\n\t\t\t\t\t\t<div class=\"elementor-container elementor-column-gap-default\">\n\t\t\t\t\t<div class=\"elementor-column elementor-col-100 elementor-top-column elementor-element elementor-element-1d0a332\" data-id=\"1d0a332\" data-element_type=\"column\">\n\t\t\t<div class=\"elementor-widget-wrap elementor-element-populated\">\n\t\t\t\t\t\t<div class=\"elementor-element elementor-element-45182e3 elementor-widget elementor-widget-heading\" data-id=\"45182e3\" data-element_type=\"widget\" data-widget_type=\"heading.default\">\n\t\t\t\t<div class=\"elementor-widget-container\">\n\t\t\t<h2 class=\"elementor-heading-title elementor-size-medium\">Voici \"le p'tit +\" qui fera beaucoup pour vous.<\/h2>\t\t<\/div>\n\t\t\t\t<\/div>\n\t\t\t\t<section class=\"elementor-section elementor-inner-section elementor-element elementor-element-63b8c8f elementor-section-boxed elementor-section-height-default elementor-section-height-default\" data-id=\"63b8c8f\" data-element_type=\"section\">\n\t\t\t\t\t\t<div class=\"elementor-container elementor-column-gap-default\">\n\t\t\t\t\t<div class=\"elementor-column elementor-col-33 elementor-inner-column elementor-element elementor-element-0deef4e\" data-id=\"0deef4e\" data-element_type=\"column\">\n\t\t\t<div class=\"elementor-widget-wrap elementor-element-populated\">\n\t\t\t\t\t\t<div class=\"elementor-element elementor-element-af91971 elementor-widget elementor-widget-image\" data-id=\"af91971\" data-element_type=\"widget\" data-widget_type=\"image.default\">\n\t\t\t\t<div class=\"elementor-widget-container\">\n\t\t\t\t\t\t\t\t\t\t\t\t\t<img loading=\"lazy\" decoding=\"async\" width=\"750\" height=\"500\" src=\"https:\/\/solmagnus.be\/chambres\/wp-content\/uploads\/2020\/07\/2015-04-05Solmagnus-paques-dej_9041-1024x683.jpg\" class=\"attachment-large size-large wp-image-256\" alt=\"\" srcset=\"https:\/\/solmagnus.be\/chambres\/wp-content\/uploads\/2020\/07\/2015-04-05Solmagnus-paques-dej_9041-1024x683.jpg 1024w, https:\/\/solmagnus.be\/chambres\/wp-content\/uploads\/2020\/07\/2015-04-05Solmagnus-paques-dej_9041-300x200.jpg 300w, https:\/\/solmagnus.be\/chambres\/wp-content\/uploads\/2020\/07\/2015-04-05Solmagnus-paques-dej_9041-768x512.jpg 768w, https:\/\/solmagnus.be\/chambres\/wp-content\/uploads\/2020\/07\/2015-04-05Solmagnus-paques-dej_9041-360x240.jpg 360w, https:\/\/solmagnus.be\/chambres\/wp-content\/uploads\/2020\/07\/2015-04-05Solmagnus-paques-dej_9041.jpg 1425w\" sizes=\"(max-width: 750px) 100vw, 750px\" \/>\t\t\t\t\t\t\t\t\t\t\t\t\t<\/div>\n\t\t\t\t<\/div>\n\t\t\t\t\t<\/div>\n\t\t<\/div>\n\t\t\t\t<div class=\"elementor-column elementor-col-33 elementor-inner-column elementor-element elementor-element-922b45a\" data-id=\"922b45a\" data-element_type=\"column\">\n\t\t\t<div class=\"elementor-widget-wrap elementor-element-populated\">\n\t\t\t\t\t\t<div class=\"elementor-element elementor-element-d74f7b9 elementor-widget elementor-widget-text-editor\" data-id=\"d74f7b9\" data-element_type=\"widget\" data-widget_type=\"text-editor.default\">\n\t\t\t\t<div class=\"elementor-widget-container\">\n\t\t\t\t\t\t\t<p style=\"text-align: center;\">Le petit d\u00e9jeuner avec sp\u00e9cialit\u00e9s du terroir a \u00e9t\u00e9 offert.<\/p>\t\t\t\t\t\t<\/div>\n\t\t\t\t<\/div>\n\t\t\t\t\t<\/div>\n\t\t<\/div>\n\t\t\t\t<div class=\"elementor-column elementor-col-33 elementor-inner-column elementor-element elementor-element-7b13b7f\" data-id=\"7b13b7f\" data-element_type=\"column\">\n\t\t\t<div class=\"elementor-widget-wrap elementor-element-populated\">\n\t\t\t\t\t\t<div class=\"elementor-element elementor-element-4a1c0b9 elementor-widget elementor-widget-image\" data-id=\"4a1c0b9\" data-element_type=\"widget\" data-widget_type=\"image.default\">\n\t\t\t\t<div class=\"elementor-widget-container\">\n\t\t\t\t\t\t\t\t\t\t\t\t\t<img loading=\"lazy\" decoding=\"async\" width=\"750\" height=\"500\" src=\"https:\/\/solmagnus.be\/chambres\/wp-content\/uploads\/2020\/07\/2013-07-28SolMagnus_Dej_4333-1024x683.jpg\" class=\"attachment-large size-large wp-image-258\" alt=\"\" srcset=\"https:\/\/solmagnus.be\/chambres\/wp-content\/uploads\/2020\/07\/2013-07-28SolMagnus_Dej_4333-1024x683.jpg 1024w, https:\/\/solmagnus.be\/chambres\/wp-content\/uploads\/2020\/07\/2013-07-28SolMagnus_Dej_4333-300x200.jpg 300w, https:\/\/solmagnus.be\/chambres\/wp-content\/uploads\/2020\/07\/2013-07-28SolMagnus_Dej_4333-768x512.jpg 768w, https:\/\/solmagnus.be\/chambres\/wp-content\/uploads\/2020\/07\/2013-07-28SolMagnus_Dej_4333-360x240.jpg 360w, https:\/\/solmagnus.be\/chambres\/wp-content\/uploads\/2020\/07\/2013-07-28SolMagnus_Dej_4333.jpg 1425w\" sizes=\"(max-width: 750px) 100vw, 750px\" \/>\t\t\t\t\t\t\t\t\t\t\t\t\t<\/div>\n\t\t\t\t<\/div>\n\t\t\t\t\t<\/div>\n\t\t<\/div>\n\t\t\t\t\t<\/div>\n\t\t<\/section>\n\t\t\t\t<div class=\"elementor-element elementor-element-daeaf1a elementor-widget-divider--view-line elementor-widget elementor-widget-divider\" data-id=\"daeaf1a\" data-element_type=\"widget\" data-widget_type=\"divider.default\">\n\t\t\t\t<div class=\"elementor-widget-container\">\n\t\t\t\t\t<div class=\"elementor-divider\">\n\t\t\t<span class=\"elementor-divider-separator\">\n\t\t\t\t\t\t<\/span>\n\t\t<\/div>\n\t\t\t\t<\/div>\n\t\t\t\t<\/div>\n\t\t\t\t<section class=\"elementor-section elementor-inner-section elementor-element elementor-element-89e250c elementor-section-boxed elementor-section-height-default elementor-section-height-default\" data-id=\"89e250c\" data-element_type=\"section\">\n\t\t\t\t\t\t<div class=\"elementor-container elementor-column-gap-default\">\n\t\t\t\t\t<div class=\"elementor-column elementor-col-100 elementor-inner-column elementor-element elementor-element-ec70e89\" data-id=\"ec70e89\" data-element_type=\"column\">\n\t\t\t<div class=\"elementor-widget-wrap elementor-element-populated\">\n\t\t\t\t\t\t<div class=\"elementor-element elementor-element-e067bc4 elementor-widget elementor-widget-text-editor\" data-id=\"e067bc4\" data-element_type=\"widget\" data-widget_type=\"text-editor.default\">\n\t\t\t\t<div class=\"elementor-widget-container\">\n\t\t\t\t\t\t\t<p style=\"text-align: center;\">Les deux chambres \u00e9taient s\u00e9par\u00e9es par un petit salon avec tv et wifi.<\/p>\t\t\t\t\t\t<\/div>\n\t\t\t\t<\/div>\n\t\t\t\t\t<\/div>\n\t\t<\/div>\n\t\t\t\t\t<\/div>\n\t\t<\/section>\n\t\t\t\t\t<\/div>\n\t\t<\/div>\n\t\t\t\t\t<\/div>\n\t\t<\/section>\n\t\t\t\t<section class=\"elementor-section elementor-top-section elementor-element elementor-element-aa8d734 elementor-section-boxed elementor-section-height-default elementor-section-height-default\" data-id=\"aa8d734\" data-element_type=\"section\">\n\t\t\t\t\t\t<div class=\"elementor-container elementor-column-gap-default\">\n\t\t\t\t\t<div class=\"elementor-column elementor-col-100 elementor-top-column elementor-element elementor-element-fc4ae6b\" data-id=\"fc4ae6b\" data-element_type=\"column\">\n\t\t\t<div class=\"elementor-widget-wrap elementor-element-populated\">\n\t\t\t\t\t\t\t<\/div>\n\t\t<\/div>\n\t\t\t\t\t<\/div>\n\t\t<\/section>\n\t\t\t\t<section class=\"elementor-section elementor-top-section elementor-element elementor-element-8f0211b elementor-section-boxed elementor-section-height-default elementor-section-height-default\" data-id=\"8f0211b\" data-element_type=\"section\">\n\t\t\t\t\t\t<div class=\"elementor-container elementor-column-gap-default\">\n\t\t\t\t\t<div class=\"elementor-column elementor-col-100 elementor-top-column elementor-element elementor-element-492e5a2\" data-id=\"492e5a2\" data-element_type=\"column\">\n\t\t\t<div class=\"elementor-widget-wrap elementor-element-populated\">\n\t\t\t\t\t\t<div class=\"elementor-element elementor-element-3f5f95b elementor-widget elementor-widget-heading\" data-id=\"3f5f95b\" data-element_type=\"widget\" data-widget_type=\"heading.default\">\n\t\t\t\t<div class=\"elementor-widget-container\">\n\t\t\t<h2 class=\"elementor-heading-title elementor-size-medium\">Tarifs<\/h2>\t\t<\/div>\n\t\t\t\t<\/div>\n\t\t\t\t<div class=\"elementor-element elementor-element-3196908 elementor-widget elementor-widget-text-editor\" data-id=\"3196908\" data-element_type=\"widget\" data-widget_type=\"text-editor.default\">\n\t\t\t\t<div class=\"elementor-widget-container\">\n\t\t\t\t\t\t\t<p style=\"text-align: center;\"><strong><span style=\"color: #ff0000;\">Il n&rsquo;y a plus de r\u00e9servation possible.<br \/>Nous avons pass\u00e9 plusieurs ann\u00e9e de bonheur en vous accueillant.<br \/>Soyez en tous remerci\u00e9 !<\/span><\/strong><\/p>\t\t\t\t\t\t<\/div>\n\t\t\t\t<\/div>\n\t\t\t\t<div class=\"elementor-element elementor-element-67183af elementor-widget elementor-widget-heading\" data-id=\"67183af\" data-element_type=\"widget\" data-widget_type=\"heading.default\">\n\t\t\t\t<div class=\"elementor-widget-container\">\n\t\t\t<h2 class=\"elementor-heading-title elementor-size-medium\">Tarifs : 1  Chambre 1-2-3 personne(s)<\/h2>\t\t<\/div>\n\t\t\t\t<\/div>\n\t\t\t\t<div class=\"elementor-element elementor-element-5231573 elementor-widget elementor-widget-heading\" data-id=\"5231573\" data-element_type=\"widget\" data-widget_type=\"heading.default\">\n\t\t\t\t<div class=\"elementor-widget-container\">\n\t\t\t<h2 class=\"elementor-heading-title elementor-size-medium\">Tarifs pour la Suite (les 2 chambres)<\/h2>\t\t<\/div>\n\t\t\t\t<\/div>\n\t\t\t\t<div class=\"elementor-element elementor-element-47490b2 elementor-widget-divider--view-line elementor-widget elementor-widget-divider\" data-id=\"47490b2\" data-element_type=\"widget\" data-widget_type=\"divider.default\">\n\t\t\t\t<div class=\"elementor-widget-container\">\n\t\t\t\t\t<div class=\"elementor-divider\">\n\t\t\t<span class=\"elementor-divider-separator\">\n\t\t\t\t\t\t<\/span>\n\t\t<\/div>\n\t\t\t\t<\/div>\n\t\t\t\t<\/div>\n\t\t\t\t\t<\/div>\n\t\t<\/div>\n\t\t\t\t\t<\/div>\n\t\t<\/section>\n\t\t\t\t<section class=\"elementor-section elementor-top-section elementor-element elementor-element-7375ff5 elementor-section-boxed elementor-section-height-default elementor-section-height-default\" data-id=\"7375ff5\" data-element_type=\"section\">\n\t\t\t\t\t\t<div class=\"elementor-container elementor-column-gap-default\">\n\t\t\t\t\t<div class=\"elementor-column elementor-col-100 elementor-top-column elementor-element elementor-element-df47cb0\" data-id=\"df47cb0\" data-element_type=\"column\">\n\t\t\t<div class=\"elementor-widget-wrap elementor-element-populated\">\n\t\t\t\t\t\t<div class=\"elementor-element elementor-element-a97e65f elementor-widget elementor-widget-heading\" data-id=\"a97e65f\" data-element_type=\"widget\" data-widget_type=\"heading.default\">\n\t\t\t\t<div class=\"elementor-widget-container\">\n\t\t\t<h2 class=\"elementor-heading-title elementor-size-medium\">Contact<\/h2>\t\t<\/div>\n\t\t\t\t<\/div>\n\t\t\t\t<section class=\"elementor-section elementor-inner-section elementor-element elementor-element-03ea5ae elementor-section-boxed elementor-section-height-default elementor-section-height-default\" data-id=\"03ea5ae\" data-element_type=\"section\">\n\t\t\t\t\t\t<div class=\"elementor-container elementor-column-gap-default\">\n\t\t\t\t\t<div class=\"elementor-column elementor-col-50 elementor-inner-column elementor-element elementor-element-7853d2d\" data-id=\"7853d2d\" data-element_type=\"column\">\n\t\t\t<div class=\"elementor-widget-wrap elementor-element-populated\">\n\t\t\t\t\t\t<div class=\"elementor-element elementor-element-c5329d3 elementor-widget elementor-widget-text-editor\" data-id=\"c5329d3\" data-element_type=\"widget\" data-widget_type=\"text-editor.default\">\n\t\t\t\t<div class=\"elementor-widget-container\">\n\t\t\t\t\t\t\t<p style=\"padding-left: 40px;\"><u>Adresse:<\/u><br \/>B&amp;B \u00ab\u00a0Sol Magnus\u00a0\u00bb<br \/>rue Somagne, 4a<br \/>4970 Stavelot<\/p><p><u>T\u00e9l\u00e9phone:<\/u><br \/>+ 32 80 78 68 18<\/p><p><u>GSM:<\/u><br \/>+ 32 485 86 30 33<\/p><p>E-Mail: solmagnus.millet@gmail.com<\/p>\t\t\t\t\t\t<\/div>\n\t\t\t\t<\/div>\n\t\t\t\t\t<\/div>\n\t\t<\/div>\n\t\t\t\t<div class=\"elementor-column elementor-col-50 elementor-inner-column elementor-element elementor-element-eb7685a\" data-id=\"eb7685a\" data-element_type=\"column\">\n\t\t\t<div class=\"elementor-widget-wrap elementor-element-populated\">\n\t\t\t\t\t\t<div class=\"elementor-element elementor-element-da33d26 elementor-widget elementor-widget-google_maps\" data-id=\"da33d26\" data-element_type=\"widget\" data-widget_type=\"google_maps.default\">\n\t\t\t\t<div class=\"elementor-widget-container\">\n\t\t\t\t\t<div class=\"elementor-custom-embed\">\n\t\t\t<iframe loading=\"lazy\"\n\t\t\t\t\tsrc=\"https:\/\/maps.google.com\/maps?q=Chambres%20d%27H%C3%B4te%20%22Solmagnus%22&#038;t=m&#038;z=10&#038;output=embed&#038;iwloc=near\"\n\t\t\t\t\ttitle=\"Chambres d&#039;H\u00f4te &quot;Solmagnus&quot;\"\n\t\t\t\t\taria-label=\"Chambres d&#039;H\u00f4te &quot;Solmagnus&quot;\"\n\t\t\t><\/iframe>\n\t\t<\/div>\n\t\t\t\t<\/div>\n\t\t\t\t<\/div>\n\t\t\t\t\t<\/div>\n\t\t<\/div>\n\t\t\t\t\t<\/div>\n\t\t<\/section>\n\t\t\t\t\t<\/div>\n\t\t<\/div>\n\t\t\t\t\t<\/div>\n\t\t<\/section>\n\t\t\t\t<\/div>\n\t\t","protected":false},"excerpt":{"rendered":"<p>Bienvenue C&rsquo;est avec une grande joie que nous vous avons accueilli chez nous dans la chambre d&rsquo;H\u00f4tes \u00e0 \u00ab\u00a0Sol Magnus\u00a0\u00bb. La suite de deux chambres situ\u00e9e au premier \u00e9tage. La chambre Sol : Un grand lit de deux personnes situ\u00e9 c\u00f4t\u00e9 soleil.Elle dispose d&rsquo;une belle vue sur le village de [&hellip;]<\/p>\n","protected":false},"author":1,"featured_media":81,"parent":0,"menu_order":0,"comment_status":"closed","ping_status":"closed","template":"page-templates\/template-fullwidth.php","meta":{"_seopress_robots_primary_cat":"","_seopress_titles_title":"","_seopress_titles_desc":"","_seopress_robots_index":""},"_links":{"self":[{"href":"https:\/\/solmagnus.be\/chambres\/index.php\/wp-json\/wp\/v2\/pages\/47"}],"collection":[{"href":"https:\/\/solmagnus.be\/chambres\/index.php\/wp-json\/wp\/v2\/pages"}],"about":[{"href":"https:\/\/solmagnus.be\/chambres\/index.php\/wp-json\/wp\/v2\/types\/page"}],"author":[{"embeddable":true,"href":"https:\/\/solmagnus.be\/chambres\/index.php\/wp-json\/wp\/v2\/users\/1"}],"replies":[{"embeddable":true,"href":"https:\/\/solmagnus.be\/chambres\/index.php\/wp-json\/wp\/v2\/comments?post=47"}],"version-history":[{"count":84,"href":"https:\/\/solmagnus.be\/chambres\/index.php\/wp-json\/wp\/v2\/pages\/47\/revisions"}],"predecessor-version":[{"id":427,"href":"https:\/\/solmagnus.be\/chambres\/index.php\/wp-json\/wp\/v2\/pages\/47\/revisions\/427"}],"wp:featuredmedia":[{"embeddable":true,"href":"https:\/\/solmagnus.be\/chambres\/index.php\/wp-json\/wp\/v2\/media\/81"}],"wp:attachment":[{"href":"https:\/\/solmagnus.be\/chambres\/index.php\/wp-json\/wp\/v2\/media?parent=47"}],"curies":[{"name":"wp","href":"https:\/\/api.w.org\/{rel}","templated":true}]}}